{"id":507,"date":"2025-12-22T15:45:20","date_gmt":"2025-12-22T15:45:20","guid":{"rendered":"http:\/\/tomislav.local\/projects\/"},"modified":"2026-03-26T16:23:03","modified_gmt":"2026-03-26T16:23:03","slug":"projects","status":"publish","type":"page","link":"https:\/\/webzabiz.com\/en\/projects\/","title":{"rendered":"Projects"},"content":{"rendered":"<div data-elementor-type=\"wp-post\" data-elementor-id=\"507\" class=\"elementor elementor-507\">\n\t\t\t\t<div class=\"elementor-element elementor-element-a7d7892 e-con-full e-flex e-con e-parent\" data-id=\"a7d7892\" data-element_type=\"container\" data-e-type=\"container\" data-settings=\"{&quot;background_background&quot;:&quot;classic&quot;}\">\n\t\t<div class=\"elementor-element elementor-element-4e3e72b e-con-full e-flex e-con e-child\" data-id=\"4e3e72b\" data-element_type=\"container\" data-e-type=\"container\">\n\t\t\t\t<div class=\"elementor-element elementor-element-cb20d84 elementor-widget elementor-widget-heading\" data-id=\"cb20d84\" data-element_type=\"widget\" data-e-type=\"widget\" data-widget_type=\"heading.default\">\n\t\t\t\t<div class=\"elementor-widget-container\">\n\t\t\t\t\t<h1 class=\"elementor-heading-title elementor-size-default\">Our work<\/h1>\t\t\t\t<\/div>\n\t\t\t\t<\/div>\n\t\t<div class=\"elementor-element elementor-element-7944a2a e-con-full e-flex e-con e-child\" data-id=\"7944a2a\" data-element_type=\"container\" data-e-type=\"container\">\n\t\t\t\t<div class=\"elementor-element elementor-element-8accc3d elementor-widget__width-initial elementor-widget elementor-widget-text-editor\" data-id=\"8accc3d\" data-element_type=\"widget\" data-e-type=\"widget\" data-widget_type=\"text-editor.default\">\n\t\t\t\t<div class=\"elementor-widget-container\">\n\t\t\t\t\t\t\t\t\t<p><strong>Take a look at some websites we\u2019ve built for small businesses and personal projects.<\/strong><\/p>\t\t\t\t\t\t\t\t<\/div>\n\t\t\t\t<\/div>\n\t\t\t\t<\/div>\n\t\t\t\t<\/div>\n\t\t\t\t<\/div>\n\t\t<div class=\"elementor-element elementor-element-a2de7b4 e-flex e-con-boxed e-con e-parent\" data-id=\"a2de7b4\" data-element_type=\"container\" data-e-type=\"container\">\n\t\t\t\t\t<div class=\"e-con-inner\">\n\t\t<div class=\"elementor-element elementor-element-d397377 e-con-full e-flex e-con e-child\" data-id=\"d397377\" data-element_type=\"container\" data-e-type=\"container\">\n\t\t\t\t<div class=\"elementor-element elementor-element-70aa827 elementor-widget elementor-widget-heading\" data-id=\"70aa827\" data-element_type=\"widget\" data-e-type=\"widget\" data-widget_type=\"heading.default\">\n\t\t\t\t<div class=\"elementor-widget-container\">\n\t\t\t\t\t<h3 class=\"elementor-heading-title elementor-size-default\">A modern website for a hair salon - focused on bookings<\/h3>\t\t\t\t<\/div>\n\t\t\t\t<\/div>\n\t\t\t\t<div class=\"elementor-element elementor-element-3ce4353 elementor-widget elementor-widget-text-editor\" data-id=\"3ce4353\" data-element_type=\"widget\" data-e-type=\"widget\" data-widget_type=\"text-editor.default\">\n\t\t\t\t<div class=\"elementor-widget-container\">\n\t\t\t\t\t\t\t\t\t<p>A clean, mobile-friendly website designed to clearly present services and pricing, with quick and easy contact. Goal - more bookings and easier client contact.<\/p>\t\t\t\t\t\t\t\t<\/div>\n\t\t\t\t<\/div>\n\t\t\t\t<div class=\"elementor-element elementor-element-dfb5859 elementor-widget elementor-widget-image\" data-id=\"dfb5859\" data-element_type=\"widget\" data-e-type=\"widget\" data-widget_type=\"image.default\">\n\t\t\t\t<div class=\"elementor-widget-container\">\n\t\t\t\t\t\t\t\t\t\t\t\t\t\t\t<img fetchpriority=\"high\" decoding=\"async\" width=\"629\" height=\"1024\" src=\"https:\/\/webzabiz.com\/wp-content\/uploads\/2026\/01\/1-629x1024.jpg\" class=\"attachment-large size-large wp-image-1293\" alt=\"\" srcset=\"https:\/\/webzabiz.com\/wp-content\/uploads\/2026\/01\/1-629x1024.jpg 629w, https:\/\/webzabiz.com\/wp-content\/uploads\/2026\/01\/1-184x300.jpg 184w, https:\/\/webzabiz.com\/wp-content\/uploads\/2026\/01\/1-768x1249.jpg 768w, https:\/\/webzabiz.com\/wp-content\/uploads\/2026\/01\/1-944x1536.jpg 944w, https:\/\/webzabiz.com\/wp-content\/uploads\/2026\/01\/1-1259x2048.jpg 1259w, https:\/\/webzabiz.com\/wp-content\/uploads\/2026\/01\/1-scaled.jpg 1574w\" sizes=\"(max-width: 629px) 100vw, 629px\" \/>\t\t\t\t\t\t\t\t\t\t\t\t\t\t\t<\/div>\n\t\t\t\t<\/div>\n\t\t\t\t<\/div>\n\t\t<div class=\"elementor-element elementor-element-c9a897f e-con-full e-flex e-con e-child\" data-id=\"c9a897f\" data-element_type=\"container\" data-e-type=\"container\">\n\t\t\t\t<div class=\"elementor-element elementor-element-d356612 elementor-widget elementor-widget-image\" data-id=\"d356612\" data-element_type=\"widget\" data-e-type=\"widget\" data-widget_type=\"image.default\">\n\t\t\t\t<div class=\"elementor-widget-container\">\n\t\t\t\t\t\t\t\t\t\t\t\t\t\t\t<img decoding=\"async\" width=\"728\" height=\"1024\" src=\"https:\/\/webzabiz.com\/wp-content\/uploads\/2026\/01\/2-728x1024.jpg\" class=\"attachment-large size-large wp-image-1294\" alt=\"\" srcset=\"https:\/\/webzabiz.com\/wp-content\/uploads\/2026\/01\/2-728x1024.jpg 728w, https:\/\/webzabiz.com\/wp-content\/uploads\/2026\/01\/2-213x300.jpg 213w, https:\/\/webzabiz.com\/wp-content\/uploads\/2026\/01\/2-768x1080.jpg 768w, https:\/\/webzabiz.com\/wp-content\/uploads\/2026\/01\/2-1092x1536.jpg 1092w, https:\/\/webzabiz.com\/wp-content\/uploads\/2026\/01\/2-1456x2048.jpg 1456w, https:\/\/webzabiz.com\/wp-content\/uploads\/2026\/01\/2-scaled.jpg 1820w\" sizes=\"(max-width: 728px) 100vw, 728px\" \/>\t\t\t\t\t\t\t\t\t\t\t\t\t\t\t<\/div>\n\t\t\t\t<\/div>\n\t\t\t\t<\/div>\n\t\t\t\t\t<\/div>\n\t\t\t\t<\/div>\n\t\t<div class=\"elementor-element elementor-element-9b79a2c e-flex e-con-boxed e-con e-parent\" data-id=\"9b79a2c\" data-element_type=\"container\" data-e-type=\"container\">\n\t\t\t\t\t<div class=\"e-con-inner\">\n\t\t<div class=\"elementor-element elementor-element-810a8be e-con-full e-flex e-con e-child\" data-id=\"810a8be\" data-element_type=\"container\" data-e-type=\"container\">\n\t\t\t\t<div class=\"elementor-element elementor-element-e418361 elementor-widget elementor-widget-heading\" data-id=\"e418361\" data-element_type=\"widget\" data-e-type=\"widget\" data-widget_type=\"heading.default\">\n\t\t\t\t<div class=\"elementor-widget-container\">\n\t\t\t\t\t<h3 class=\"elementor-heading-title elementor-size-default\">A website for a personal guide and logistics - a professional outdoor offering<\/h3>\t\t\t\t<\/div>\n\t\t\t\t<\/div>\n\t\t\t\t<div class=\"elementor-element elementor-element-0dd5073 elementor-widget elementor-widget-text-editor\" data-id=\"0dd5073\" data-element_type=\"widget\" data-e-type=\"widget\" data-widget_type=\"text-editor.default\">\n\t\t\t\t<div class=\"elementor-widget-container\">\n\t\t\t\t\t\t\t\t\t<p>A personal brand website focused on trust, clear services, and easy navigation for clients looking for guided outdoor experiences. Focus - clear presentation and trust.<\/p>\t\t\t\t\t\t\t\t<\/div>\n\t\t\t\t<\/div>\n\t\t\t\t<div class=\"elementor-element elementor-element-dd26f85 elementor-widget elementor-widget-image\" data-id=\"dd26f85\" data-element_type=\"widget\" data-e-type=\"widget\" data-widget_type=\"image.default\">\n\t\t\t\t<div class=\"elementor-widget-container\">\n\t\t\t\t\t\t\t\t\t\t\t\t\t\t\t<img decoding=\"async\" width=\"874\" height=\"1024\" src=\"https:\/\/webzabiz.com\/wp-content\/uploads\/2026\/01\/3-874x1024.jpg\" class=\"attachment-large size-large wp-image-1295\" alt=\"\" srcset=\"https:\/\/webzabiz.com\/wp-content\/uploads\/2026\/01\/3-874x1024.jpg 874w, https:\/\/webzabiz.com\/wp-content\/uploads\/2026\/01\/3-256x300.jpg 256w, https:\/\/webzabiz.com\/wp-content\/uploads\/2026\/01\/3-768x900.jpg 768w, https:\/\/webzabiz.com\/wp-content\/uploads\/2026\/01\/3-1311x1536.jpg 1311w, https:\/\/webzabiz.com\/wp-content\/uploads\/2026\/01\/3-1748x2048.jpg 1748w, https:\/\/webzabiz.com\/wp-content\/uploads\/2026\/01\/3.jpg 1910w\" sizes=\"(max-width: 874px) 100vw, 874px\" \/>\t\t\t\t\t\t\t\t\t\t\t\t\t\t\t<\/div>\n\t\t\t\t<\/div>\n\t\t\t\t<\/div>\n\t\t<div class=\"elementor-element elementor-element-1ca7f7e e-con-full e-flex e-con e-child\" data-id=\"1ca7f7e\" data-element_type=\"container\" data-e-type=\"container\">\n\t\t\t\t<div class=\"elementor-element elementor-element-c1c7a5f elementor-widget elementor-widget-image\" data-id=\"c1c7a5f\" data-element_type=\"widget\" data-e-type=\"widget\" data-widget_type=\"image.default\">\n\t\t\t\t<div class=\"elementor-widget-container\">\n\t\t\t\t\t\t\t\t\t\t\t\t\t\t\t<img loading=\"lazy\" decoding=\"async\" width=\"1024\" height=\"775\" src=\"https:\/\/webzabiz.com\/wp-content\/uploads\/2026\/01\/4-1024x775.jpg\" class=\"attachment-large size-large wp-image-1296\" alt=\"\" srcset=\"https:\/\/webzabiz.com\/wp-content\/uploads\/2026\/01\/4-1024x775.jpg 1024w, https:\/\/webzabiz.com\/wp-content\/uploads\/2026\/01\/4-300x227.jpg 300w, https:\/\/webzabiz.com\/wp-content\/uploads\/2026\/01\/4-768x581.jpg 768w, https:\/\/webzabiz.com\/wp-content\/uploads\/2026\/01\/4-1536x1162.jpg 1536w, https:\/\/webzabiz.com\/wp-content\/uploads\/2026\/01\/4.jpg 1910w\" sizes=\"(max-width: 1024px) 100vw, 1024px\" \/>\t\t\t\t\t\t\t\t\t\t\t\t\t\t\t<\/div>\n\t\t\t\t<\/div>\n\t\t\t\t<\/div>\n\t\t\t\t\t<\/div>\n\t\t\t\t<\/div>\n\t\t<div class=\"elementor-element elementor-element-28e3b04 e-flex e-con-boxed e-con e-parent\" data-id=\"28e3b04\" data-element_type=\"container\" data-e-type=\"container\">\n\t\t\t\t\t<div class=\"e-con-inner\">\n\t\t<div class=\"elementor-element elementor-element-7ae029f e-con-full e-flex e-con e-child\" data-id=\"7ae029f\" data-element_type=\"container\" data-e-type=\"container\">\n\t\t\t\t<div class=\"elementor-element elementor-element-772273b elementor-widget elementor-widget-heading\" data-id=\"772273b\" data-element_type=\"widget\" data-e-type=\"widget\" data-widget_type=\"heading.default\">\n\t\t\t\t<div class=\"elementor-widget-container\">\n\t\t\t\t\t<h3 class=\"elementor-heading-title elementor-size-default\">A website for hiking and outdoor tours - experience-focused design<\/h3>\t\t\t\t<\/div>\n\t\t\t\t<\/div>\n\t\t\t\t<div class=\"elementor-element elementor-element-d0fb83b elementor-widget elementor-widget-text-editor\" data-id=\"d0fb83b\" data-element_type=\"widget\" data-e-type=\"widget\" data-widget_type=\"text-editor.default\">\n\t\t\t\t<div class=\"elementor-widget-container\">\n\t\t\t\t\t\t\t\t\t<p>A visually engaging website that highlights routes, tours, and guide services, and encourages quick, easy booking inquiries.\nGoal - turn visitors into inquiries.<\/p>\t\t\t\t\t\t\t\t<\/div>\n\t\t\t\t<\/div>\n\t\t\t\t<div class=\"elementor-element elementor-element-fca7c36 elementor-widget elementor-widget-image\" data-id=\"fca7c36\" data-element_type=\"widget\" data-e-type=\"widget\" data-widget_type=\"image.default\">\n\t\t\t\t<div class=\"elementor-widget-container\">\n\t\t\t\t\t\t\t\t\t\t\t\t\t\t\t<img loading=\"lazy\" decoding=\"async\" width=\"825\" height=\"1024\" src=\"https:\/\/webzabiz.com\/wp-content\/uploads\/2026\/01\/5-825x1024.jpg\" class=\"attachment-large size-large wp-image-1297\" alt=\"\" srcset=\"https:\/\/webzabiz.com\/wp-content\/uploads\/2026\/01\/5-825x1024.jpg 825w, https:\/\/webzabiz.com\/wp-content\/uploads\/2026\/01\/5-242x300.jpg 242w, https:\/\/webzabiz.com\/wp-content\/uploads\/2026\/01\/5-768x954.jpg 768w, https:\/\/webzabiz.com\/wp-content\/uploads\/2026\/01\/5-1237x1536.jpg 1237w, https:\/\/webzabiz.com\/wp-content\/uploads\/2026\/01\/5-1649x2048.jpg 1649w, https:\/\/webzabiz.com\/wp-content\/uploads\/2026\/01\/5.jpg 1910w\" sizes=\"(max-width: 825px) 100vw, 825px\" \/>\t\t\t\t\t\t\t\t\t\t\t\t\t\t\t<\/div>\n\t\t\t\t<\/div>\n\t\t\t\t<\/div>\n\t\t<div class=\"elementor-element elementor-element-7c27d9c e-con-full e-flex e-con e-child\" data-id=\"7c27d9c\" data-element_type=\"container\" data-e-type=\"container\">\n\t\t\t\t<div class=\"elementor-element elementor-element-34f1f07 elementor-widget elementor-widget-image\" data-id=\"34f1f07\" data-element_type=\"widget\" data-e-type=\"widget\" data-widget_type=\"image.default\">\n\t\t\t\t<div class=\"elementor-widget-container\">\n\t\t\t\t\t\t\t\t\t\t\t\t\t\t\t<img loading=\"lazy\" decoding=\"async\" width=\"1024\" height=\"870\" src=\"https:\/\/webzabiz.com\/wp-content\/uploads\/2026\/01\/6-1024x870.jpg\" class=\"attachment-large size-large wp-image-1298\" alt=\"\" srcset=\"https:\/\/webzabiz.com\/wp-content\/uploads\/2026\/01\/6-1024x870.jpg 1024w, https:\/\/webzabiz.com\/wp-content\/uploads\/2026\/01\/6-300x255.jpg 300w, https:\/\/webzabiz.com\/wp-content\/uploads\/2026\/01\/6-768x652.jpg 768w, https:\/\/webzabiz.com\/wp-content\/uploads\/2026\/01\/6-1536x1304.jpg 1536w, https:\/\/webzabiz.com\/wp-content\/uploads\/2026\/01\/6.jpg 1910w\" sizes=\"(max-width: 1024px) 100vw, 1024px\" \/>\t\t\t\t\t\t\t\t\t\t\t\t\t\t\t<\/div>\n\t\t\t\t<\/div>\n\t\t\t\t<\/div>\n\t\t\t\t\t<\/div>\n\t\t\t\t<\/div>\n\t\t\t\t<\/div>","protected":false},"excerpt":{"rendered":"<p>Na\u0161i radovi Pogledajte neke od primjera web stranica koje smo izradili za male biznise i privatne projekte. Moderna web stranica za frizerski salon &#8211; fokus na rezervacije \u010cista i mobilno prilago\u0111ena web stranica osmi\u0161ljena za jasno predstavljanje usluga i cijena te brz i jednostavan kontakt sa salonom. Cilj &#8211; vi\u0161e rezervacija i lak kontakt. Web [&hellip;]<\/p>\n","protected":false},"author":1,"featured_media":0,"parent":0,"menu_order":0,"comment_status":"closed","ping_status":"closed","template":"","meta":{"site-sidebar-layout":"no-sidebar","site-content-layout":"page-builder","ast-site-content-layout":"full-width-container","site-content-style":"unboxed","site-sidebar-style":"unboxed","ast-global-header-display":"","ast-banner-title-visibility":"","ast-main-header-display":"","ast-hfb-above-header-display":"","ast-hfb-below-header-display":"","ast-hfb-mobile-header-display":"","site-post-title":"disabled","ast-breadcrumbs-content":"","ast-featured-img":"disabled","footer-sml-layout":"","ast-disable-related-posts":"","theme-transparent-header-meta":"enabled","adv-header-id-meta":"","stick-header-meta":"","header-above-stick-meta":"","header-main-stick-meta":"","header-below-stick-meta":"","astra-migrate-meta-layouts":"set","ast-page-background-enabled":"default","ast-page-background-meta":{"desktop":{"background-color":"","background-image":"","background-repeat":"repeat","background-position":"center center","background-size":"auto","background-attachment":"scroll","background-type":"","background-media":"","overlay-type":"","overlay-color":"","overlay-opacity":"","overlay-gradient":""},"tablet":{"background-color":"","background-image":"","background-repeat":"repeat","background-position":"center center","background-size":"auto","background-attachment":"scroll","background-type":"","background-media":"","overlay-type":"","overlay-color":"","overlay-opacity":"","overlay-gradient":""},"mobile":{"background-color":"","background-image":"","background-repeat":"repeat","background-position":"center center","background-size":"auto","background-attachment":"scroll","background-type":"","background-media":"","overlay-type":"","overlay-color":"","overlay-opacity":"","overlay-gradient":""}},"ast-content-background-meta":{"desktop":{"background-color":"var(--ast-global-color-5)","background-image":"","background-repeat":"repeat","background-position":"center center","background-size":"auto","background-attachment":"scroll","background-type":"","background-media":"","overlay-type":"","overlay-color":"","overlay-opacity":"","overlay-gradient":""},"tablet":{"background-color":"var(--ast-global-color-5)","background-image":"","background-repeat":"repeat","background-position":"center center","background-size":"auto","background-attachment":"scroll","background-type":"","background-media":"","overlay-type":"","overlay-color":"","overlay-opacity":"","overlay-gradient":""},"mobile":{"background-color":"var(--ast-global-color-5)","background-image":"","background-repeat":"repeat","background-position":"center center","background-size":"auto","background-attachment":"scroll","background-type":"","background-media":"","overlay-type":"","overlay-color":"","overlay-opacity":"","overlay-gradient":""}},"footnotes":""},"class_list":["post-507","page","type-page","status-publish","hentry"],"_links":{"self":[{"href":"https:\/\/webzabiz.com\/en\/wp-json\/wp\/v2\/pages\/507","targetHints":{"allow":["GET"]}}],"collection":[{"href":"https:\/\/webzabiz.com\/en\/wp-json\/wp\/v2\/pages"}],"about":[{"href":"https:\/\/webzabiz.com\/en\/wp-json\/wp\/v2\/types\/page"}],"author":[{"embeddable":true,"href":"https:\/\/webzabiz.com\/en\/wp-json\/wp\/v2\/users\/1"}],"replies":[{"embeddable":true,"href":"https:\/\/webzabiz.com\/en\/wp-json\/wp\/v2\/comments?post=507"}],"version-history":[{"count":90,"href":"https:\/\/webzabiz.com\/en\/wp-json\/wp\/v2\/pages\/507\/revisions"}],"predecessor-version":[{"id":1527,"href":"https:\/\/webzabiz.com\/en\/wp-json\/wp\/v2\/pages\/507\/revisions\/1527"}],"wp:attachment":[{"href":"https:\/\/webzabiz.com\/en\/wp-json\/wp\/v2\/media?parent=507"}],"curies":[{"name":"wp","href":"https:\/\/api.w.org\/{rel}","templated":true}]}}